{"id":97,"date":"2026-02-07T14:11:18","date_gmt":"2026-02-07T14:11:18","guid":{"rendered":"https:\/\/modelsofautonomy.com\/test\/?page_id=97"},"modified":"2026-04-19T15:08:34","modified_gmt":"2026-04-19T15:08:34","slug":"publications","status":"publish","type":"page","link":"https:\/\/modelsofautonomy.com\/test\/publications\/","title":{"rendered":"Publications"},"content":{"rendered":"\n<h3 class=\"wp-block-heading\">2026<\/h3>\n\n\n\n<ul class=\"wp-block-list\">\n<li>Wang, Z. Sicsic, J. &amp; Chauvin, P. Developing French Population Tariffs for the ICECAP-A Using Best &#8211; Worst Scaling. <em>PharmacoEconomics <\/em>(2026). <a href=\"https:\/\/doi.org\/10.1007\/s40273-026-01614-3\">https:\/\/doi.org\/10.1007\/s40273-026-01614-3<\/a><\/li>\n<\/ul>\n\n\n\n<h3 class=\"wp-block-heading\">2025<\/h3>\n\n\n\n<ul class=\"wp-block-list\">\n<li><strong>Landr\u00e9, B. <\/strong>Fayosse, A., Jacob, L., Bloomberg, M., Danilevicz, I., Ven Der Heide, F., <strong>Sabia, S., Singh-Mnoux, A<\/strong>., Role of age in the association of chronic conditions and multimorbidity with incident ADL disability: multicohort analyses of 108,810 adults, Geroscience, 2025 Nov, 14.<\/li>\n<\/ul>\n\n\n\n<ul class=\"wp-block-list\">\n<li>Cheneau, A., <strong>Sicsic, J., &amp; Rapp, T. <\/strong>(2025). \u00ab<em>Et si je ne pouvais plus rester seule chez moi ?\u00bb Quelles sont les attentes des personnes \u00e2g\u00e9es et de leurs proches concernant les aides et l\u2019accompagnement de la<\/em> <em>perte d\u2019autonomie ?<\/em> Lien social et Politiques, (94), 201-238.<\/li>\n<\/ul>\n\n\n\n<ul class=\"wp-block-list\">\n<li>Cheneau A., Kingsada A., <strong>Rapp T., &amp; Sicsic J <\/strong>(2025). <em>L\u2019analyse des pr\u00e9f\u00e9rences individuelles pour<\/em> <em>am\u00e9liorer l\u2019efficience des innovations et la pr\u00e9vention en sant\u00e9. In book : Innovations &amp; Pr\u00e9vention en sant\u00e9.<\/em> LEH Edition.<\/li>\n<\/ul>\n\n\n\n<ul class=\"wp-block-list\">\n<li>B\u00e9raud-Peign\u00e9,N., Perrot A., Maquestiaux, F, <strong>Maillot, P <\/strong>(2025). <em>Understanding Age-Related Interference in<\/em> <em>Cognitive-Motor Dual-Task Performance: A Novel Approach. Experimental Aging Research<\/em>, 1\u201317 [IF2024:1,3 ; Q1] <a href=\"https:\/\/doi.org\/10.1080\/0361073X.2025.2528580\">https:\/\/doi.org\/10.1080\/0361073X.2025.2528580<\/a><\/li>\n<\/ul>\n\n\n\n<ul class=\"wp-block-list\">\n<li>B\u00e9raud-Peign\u00e9,N., <strong>Maillot P<\/strong>, Perrot A. (2025). <em>Repenser l\u2019activit\u00e9 physique pour un vieillissement cognitifactif gr\u00e2ce aux exergames : une approche novatrice. Geriatr Psychol Neuropsychiatr Vieil<\/em>. 23(2) : 255-65. [IF 2024:0,3; Q4] doi:10.1684\/pnv.2025.1230<\/li>\n<\/ul>\n\n\n\n<ul class=\"wp-block-list\">\n<li>Coquinos S, Khater C, Oboeuf A, <strong>Vitiello D<\/strong>. V\u0307O2max and endometriosis: Does better fitness mean better days? A Cross-Sectional Study. Women in Sport and Physical Activity Journal. (accepted for publication \u201319\/08\/2025).<\/li>\n<\/ul>\n\n\n\n<ul class=\"wp-block-list\">\n<li>Han J, Hyo L, <strong>Vitiello D<\/strong>. <em>More Days, Greater Health: Associations Between Daily MVPA and<\/em> <em>Cardiometabolic Risk in Youth. Epidemiology, Biostatistics, and Public Health<\/em>. September 2025. <a href=\"https:\/\/doi.org\/10.54103\/2282-0930\/28449\">https:\/\/doi.org\/10.54103\/2282-0930\/28449<\/a><\/li>\n<\/ul>\n\n\n\n<h3 class=\"wp-block-heading\">2024<\/h3>\n\n\n\n<ul class=\"wp-block-list\">\n<li>Bour F, Poty A, Garaud Y, <strong>Vitiello D<\/strong> &amp; Lepr\u00eatre PM. <em>Signal-morphology impedance cardiography is a noninvasive tool for predicting responses to exercise-based cardiac rehabilitation.<\/em> International Journal of Cardiology. October 2024. doi: <a href=\"https:\/\/doi.org\/10.1016\/j.ijcard.2024.132670\">https:\/\/doi.org\/10.1016\/j.ijcard.2024.132670<\/a><\/li>\n<\/ul>\n\n\n\n<ul class=\"wp-block-list\">\n<li>Foudhaili A, Leclere B, Martinache F, Chauvin A, <strong>Vitiello D <\/strong>&amp; Chousterman BG. <em>Early mobilisation in<\/em> <em>patients with aneurysmal subarachnoid haemorrhage may improve functional outcome and reduce cerebral vasospasm rate: a systematic review with meta-analysis. <\/em>Journal of Rehabilitation Medicine. October 2024. doi: 10.2340\/jrm.v56.41225.<\/li>\n<\/ul>\n\n\n\n<ul class=\"wp-block-list\">\n<li><strong>De Bezenac, C., Randon-Furling, J.<\/strong> <em>Seven-year trend of timely hepatitis B birth dose vaccine coverage in The Gambia: a population-based analysis,<\/em> (\u00e0 para\u00eetre) Manuscript number: LANGLH-D-23-01931R2, Corresponding author: Dr. Gibril Ndow).<\/li>\n<\/ul>\n","protected":false},"excerpt":{"rendered":"<p>2026 2025 2024<\/p>\n","protected":false},"author":1,"featured_media":0,"parent":0,"menu_order":0,"comment_status":"closed","ping_status":"closed","template":"","meta":{"footnotes":""},"class_list":["post-97","page","type-page","status-publish","hentry"],"_links":{"self":[{"href":"https:\/\/modelsofautonomy.com\/test\/wp-json\/wp\/v2\/pages\/97","targetHints":{"allow":["GET"]}}],"collection":[{"href":"https:\/\/modelsofautonomy.com\/test\/wp-json\/wp\/v2\/pages"}],"about":[{"href":"https:\/\/modelsofautonomy.com\/test\/wp-json\/wp\/v2\/types\/page"}],"author":[{"embeddable":true,"href":"https:\/\/modelsofautonomy.com\/test\/wp-json\/wp\/v2\/users\/1"}],"replies":[{"embeddable":true,"href":"https:\/\/modelsofautonomy.com\/test\/wp-json\/wp\/v2\/comments?post=97"}],"version-history":[{"count":9,"href":"https:\/\/modelsofautonomy.com\/test\/wp-json\/wp\/v2\/pages\/97\/revisions"}],"predecessor-version":[{"id":629,"href":"https:\/\/modelsofautonomy.com\/test\/wp-json\/wp\/v2\/pages\/97\/revisions\/629"}],"wp:attachment":[{"href":"https:\/\/modelsofautonomy.com\/test\/wp-json\/wp\/v2\/media?parent=97"}],"curies":[{"name":"wp","href":"https:\/\/api.w.org\/{rel}","templated":true}]}}