{"id":247,"date":"2026-02-14T20:32:32","date_gmt":"2026-02-14T20:32:32","guid":{"rendered":"http:\/\/localhost:8888\/models\/?page_id=247"},"modified":"2026-04-18T15:47:49","modified_gmt":"2026-04-18T15:47:49","slug":"accueil","status":"publish","type":"page","link":"https:\/\/modelsofautonomy.com\/test\/","title":{"rendered":"Accueil"},"content":{"rendered":"\n<h2 class=\"wp-block-heading\">Pr\u00e9sentation<\/h2>\n\n\n\n<p><strong>Appel \u00e0 projets :<\/strong> ANR France 2030 \u00ab\u00a0Autonomie\u00a0\u00bb (Vieillissement et situations de handicap &#8211; Vague 2)<\/p>\n\n\n\n<div class=\"wp-block-columns is-layout-flex wp-container-core-columns-is-layout-9d6595d7 wp-block-columns-is-layout-flex\">\n<div class=\"wp-block-column is-layout-flow wp-block-column-is-layout-flow\" style=\"flex-basis:33.33%\">\n<p class=\"fond-bio\"><strong>Dur\u00e9e :<\/strong> 48 mois <br><strong>Aide accord\u00e9e<\/strong>&nbsp;: <br>1 510 000 \u20ac<br><strong>Responsable scientifique<\/strong>&nbsp;:<br>Archana Singh-Manoux<\/p>\n<\/div>\n\n\n\n<div class=\"wp-block-column is-layout-flow wp-block-column-is-layout-flow\" style=\"flex-basis:66.66%\">\n<p>Le vieillissement des populations entra\u00eene une hausse de la part des personnes \u00e2g\u00e9es et une diminution de celle des actifs, avec des implications majeures pour le syst\u00e8me redistributif fran\u00e7ais. Si de nombreux travaux existent, ils sont majoritairement descriptifs et les \u00e9valuations d\u2019interventions restent centr\u00e9es sur le soin et le co\u00fbt-efficacit\u00e9.<\/p>\n<\/div>\n<\/div>\n\n\n\n<h3 class=\"wp-block-heading\"><strong>La pr\u00e9vention des incapacit\u00e9s<\/strong><\/h3>\n\n\n\n<p>Ce projet propose un <strong>programme de recherche interdisciplinaire sur la pr\u00e9vention des incapacit\u00e9s<\/strong>, mobilisant \u00e9pid\u00e9miologistes, statisticiens, \u00e9conomistes, math\u00e9maticiens et sp\u00e9cialistes du sport-sant\u00e9 et de l\u2019informatique. Il adopte une approche \u00ab vie enti\u00e8re \u00bb des syst\u00e8mes complexes pour analyser comment les exp\u00e9riences cumul\u00e9es fa\u00e7onnent le vieillissement, en s\u2019int\u00e9ressant particuli\u00e8rement \u00e0 la compr\u00e9hension des in\u00e9galit\u00e9s sociales en mati\u00e8re d\u2019incapacit\u00e9s et leur \u00e9mergence au cours de la vie. Seront \u00e9tudi\u00e9s les facteurs socio-\u00e9conomiques, les comportements de sant\u00e9, les facteurs cliniques, l\u2019acc\u00e8s et la gestion des soins, ainsi que les d\u00e9terminants contextuels.<\/p>\n\n\n\n<h3 class=\"wp-block-heading\"><strong>Deux approches compl\u00e9mentaires<\/strong><\/h3>\n\n\n\n<ol class=\"wp-block-list\">\n<li><strong>Une approche \u00ab&nbsp;vie enti\u00e8re&nbsp;\u00bb, fond\u00e9e sur des cohortes longitudinales internationales<\/strong> (GAZEL, CONSTANCES, Whitehall, UK Biobank, SHARE, NIH), visant \u00e0 identifier les facteurs de risque et de protection, en int\u00e9grant multimorbidit\u00e9 et fragilit\u00e9 comme facteurs pouvant favoriser la survenue d\u2019incapacit\u00e9s :<\/li>\n\n\n\n<li><strong>La seconde approche mobilise des mod\u00e8les \u00e0 base d\u2019agents (ABM)<\/strong> pour simuler les interactions entre individus et environnement (m\u00e9canismes causaux complexes), tester des sc\u00e9narios contrefactuels et comparer le rapport co\u00fbt-b\u00e9n\u00e9fice entre soins curatifs et strat\u00e9gies de pr\u00e9vention.<\/li>\n<\/ol>\n\n\n\n<h3 class=\"wp-block-heading\"><strong>Deux outils d\u00e9velopp\u00e9s<\/strong><\/h3>\n\n\n\n<ol class=\"wp-block-list\">\n<li><strong> Le premier vise \u00e0 mieux caract\u00e9riser les \u00e9tats de pr\u00e9-incapacit\u00e9 <em>via <\/em>une mesure de \u00ab forme physique \u00bb<\/strong> combinant donn\u00e9es objectives et subjectives disponibles dans les cohortes longitudinales, et \u00e0 \u00e9valuer sa performance pr\u00e9dictive sur la survenue d\u2019incapacit\u00e9 ;<\/li>\n\n\n\n<li><strong>Le second concerne l\u2019outil ICECAP<\/strong> (Investigating Choice Experiments CAPability), destin\u00e9 \u00e0 mesurer le bien-\u00eatre en \u00e9conomie de la sant\u00e9 : le projet estimera les pr\u00e9f\u00e9rences de la population fran\u00e7aise afin de permettre son utilisation dans l\u2019\u00e9valuation de programmes de sant\u00e9 et d&rsquo;aide sociale en France.<\/li>\n<\/ol>\n\n\n\n<h2 class=\"wp-block-heading\">Instituts de recherche impliqu\u00e9s<\/h2>\n\n\n\n<figure class=\"wp-block-image size-full\"><img loading=\"lazy\" decoding=\"async\" width=\"1000\" height=\"372\" src=\"https:\/\/modelsofautonomy.com\/test\/wp-content\/uploads\/2026\/03\/Logos-Instituts-de-recherche.png\" alt=\"\" class=\"wp-image-502\" srcset=\"https:\/\/modelsofautonomy.com\/test\/wp-content\/uploads\/2026\/03\/Logos-Instituts-de-recherche.png 1000w, https:\/\/modelsofautonomy.com\/test\/wp-content\/uploads\/2026\/03\/Logos-Instituts-de-recherche-300x112.png 300w, https:\/\/modelsofautonomy.com\/test\/wp-content\/uploads\/2026\/03\/Logos-Instituts-de-recherche-768x286.png 768w\" sizes=\"auto, (max-width: 1000px) 100vw, 1000px\" \/><\/figure>\n\n\n\n<h2 class=\"wp-block-heading\">Etablissements partenaires<\/h2>\n\n\n\n<figure class=\"wp-block-image size-full\"><img loading=\"lazy\" decoding=\"async\" width=\"1000\" height=\"372\" src=\"https:\/\/modelsofautonomy.com\/test\/wp-content\/uploads\/2026\/03\/Logos-Coordinateurs-institutionnels.png\" alt=\"\" class=\"wp-image-501\" srcset=\"https:\/\/modelsofautonomy.com\/test\/wp-content\/uploads\/2026\/03\/Logos-Coordinateurs-institutionnels.png 1000w, https:\/\/modelsofautonomy.com\/test\/wp-content\/uploads\/2026\/03\/Logos-Coordinateurs-institutionnels-300x112.png 300w, https:\/\/modelsofautonomy.com\/test\/wp-content\/uploads\/2026\/03\/Logos-Coordinateurs-institutionnels-768x286.png 768w\" sizes=\"auto, (max-width: 1000px) 100vw, 1000px\" \/><\/figure>\n","protected":false},"excerpt":{"rendered":"<p>Pr\u00e9sentation Appel \u00e0 projets : ANR France 2030 \u00ab\u00a0Autonomie\u00a0\u00bb (Vieillissement et situations de handicap &#8211; Vague 2) Dur\u00e9e : 48 mois Aide accord\u00e9e&nbsp;: 1 510 000 \u20acResponsable scientifique&nbsp;:Archana Singh-Manoux Le vieillissement des populations entra\u00eene une hausse de la part des personnes \u00e2g\u00e9es et une diminution de celle des actifs, avec des implications majeures pour le&hellip;<\/p>\n","protected":false},"author":1,"featured_media":0,"parent":0,"menu_order":0,"comment_status":"closed","ping_status":"closed","template":"","meta":{"footnotes":""},"class_list":["post-247","page","type-page","status-publish","hentry"],"_links":{"self":[{"href":"https:\/\/modelsofautonomy.com\/test\/wp-json\/wp\/v2\/pages\/247","targetHints":{"allow":["GET"]}}],"collection":[{"href":"https:\/\/modelsofautonomy.com\/test\/wp-json\/wp\/v2\/pages"}],"about":[{"href":"https:\/\/modelsofautonomy.com\/test\/wp-json\/wp\/v2\/types\/page"}],"author":[{"embeddable":true,"href":"https:\/\/modelsofautonomy.com\/test\/wp-json\/wp\/v2\/users\/1"}],"replies":[{"embeddable":true,"href":"https:\/\/modelsofautonomy.com\/test\/wp-json\/wp\/v2\/comments?post=247"}],"version-history":[{"count":37,"href":"https:\/\/modelsofautonomy.com\/test\/wp-json\/wp\/v2\/pages\/247\/revisions"}],"predecessor-version":[{"id":617,"href":"https:\/\/modelsofautonomy.com\/test\/wp-json\/wp\/v2\/pages\/247\/revisions\/617"}],"wp:attachment":[{"href":"https:\/\/modelsofautonomy.com\/test\/wp-json\/wp\/v2\/media?parent=247"}],"curies":[{"name":"wp","href":"https:\/\/api.w.org\/{rel}","templated":true}]}}