{"id":21,"date":"2026-02-06T09:42:29","date_gmt":"2026-02-06T09:42:29","guid":{"rendered":"https:\/\/modelsofautonomy.com\/test\/?page_id=21"},"modified":"2026-03-23T16:20:34","modified_gmt":"2026-03-23T16:20:34","slug":"presentation","status":"publish","type":"page","link":"https:\/\/modelsofautonomy.com\/test\/presentation\/","title":{"rendered":"Pr\u00e9sentation g\u00e9n\u00e9rale"},"content":{"rendered":"\n<h2 class=\"wp-block-heading\">Projet Models of Autonomy<\/h2>\n\n\n\n<div class=\"wp-block-columns is-layout-flex wp-container-core-columns-is-layout-9d6595d7 wp-block-columns-is-layout-flex\">\n<div class=\"wp-block-column is-layout-flow wp-block-column-is-layout-flow\" style=\"flex-basis:66.66%\">\n<p><strong>Une approche sociale, \u00e9conomique et math\u00e9matique de l\u2019autonomie dans le vieillissement<\/strong><\/p>\n<\/div>\n\n\n\n<div class=\"wp-block-column is-layout-flow wp-block-column-is-layout-flow\" style=\"flex-basis:33.33%\">\n<p><sup><strong>Dur\u00e9e<\/strong> : 48 mois<br><strong>Aide accord\u00e9e<\/strong> : <br>1 510 000 \u20ac <br><strong>Responsable scientifique<\/strong> :<br>Archana Singh-Manoux<\/sup><\/p>\n<\/div>\n<\/div>\n\n\n\n<div class=\"wp-block-columns is-layout-flex wp-container-core-columns-is-layout-9d6595d7 wp-block-columns-is-layout-flex\">\n<div class=\"wp-block-column is-layout-flow wp-block-column-is-layout-flow\">\n<div class=\"wp-block-buttons is-layout-flex wp-block-buttons-is-layout-flex\">\n<div class=\"wp-block-button\"><a class=\"wp-block-button__link wp-element-button\">T\u00e9l\u00e9charger le livret de pr\u00e9sentation (FR)<\/a><\/div>\n<\/div>\n<\/div>\n\n\n\n<div class=\"wp-block-column is-layout-flow wp-block-column-is-layout-flow\">\n<div class=\"wp-block-buttons is-layout-flex wp-block-buttons-is-layout-flex\">\n<div class=\"wp-block-button\"><a class=\"wp-block-button__link wp-element-button\">T\u00e9l\u00e9charger le livret de pr\u00e9sentation (EN)<\/a><\/div>\n<\/div>\n<\/div>\n<\/div>\n\n\n\n<figure class=\"wp-block-embed is-type-video is-provider-youtube wp-block-embed-youtube wp-embed-aspect-16-9 wp-has-aspect-ratio\"><div class=\"wp-block-embed__wrapper\">\n<iframe loading=\"lazy\" title=\"Model of Autonomy - Mod\u00e9liser le processus de vieillisement pour pr\u00e9venir la perte d&#039;autonomie\" width=\"640\" height=\"360\" src=\"https:\/\/www.youtube.com\/embed\/coLPxR4_mcM?feature=oembed\" frameborder=\"0\" allow=\"accelerometer; autoplay; clipboard-write; encrypted-media; gyroscope; picture-in-picture; web-share\" referrerpolicy=\"strict-origin-when-cross-origin\" allowfullscreen><\/iframe>\n<\/div><\/figure>\n\n\n\n<h3 class=\"wp-block-heading\">Contexte<\/h3>\n\n\n\n<p>Le&nbsp;<strong>vieillissement des populations<\/strong>&nbsp;s\u2019accompagne d\u2019une augmentation de la part des personnes \u00e2g\u00e9es et d\u2019une diminution de celle des actifs. Cela a de fortes implications sur le syst\u00e8me redistributif fran\u00e7ais o\u00f9 les actifs financent leurs homologues retrait\u00e9s. De nombreux travaux de recherche portent sur le vieillissement mais des questions subsistent car 1) une majorit\u00e9 de ces travaux a une vis\u00e9e descriptive ; 2) ceux \u00e9valuant les interventions sont ax\u00e9s principalement sur le soin et l\u2019\u00e9valuation \u00ab co\u00fbt-efficacit\u00e9 \u00bb.<\/p>\n\n\n\n<h3 class=\"wp-block-heading\">Enjeux<\/h3>\n\n\n\n<p>Le pr\u00e9sent projet r\u00e9sulte d\u2019ateliers organis\u00e9s par l\u2019Institut Paris Public Health ayant rassembl\u00e9 plusieurs disciplines acad\u00e9miques pour envisager des approches innovantes, p\u00e9rennes du vieillissement en bonne sant\u00e9. Nous proposons un&nbsp;<strong>programme de recherche sur la pr\u00e9vention des incapacit\u00e9s<\/strong>. Ce programme implique des \u00e9pid\u00e9miologistes, des statisticiens, des \u00e9conomistes, des math\u00e9maticiens et des experts en science informatique.<\/p>\n\n\n\n<h3 class=\"wp-block-heading\">M\u00e9thodes et donn\u00e9es<\/h3>\n\n\n\n<p>Nous appliquerons une<strong>&nbsp;approche \u00ab vie enti\u00e8re \u00bb des syst\u00e8mes complexes<\/strong>&nbsp;pour \u00e9tudier en quoi les exp\u00e9riences cumul\u00e9es au cours de la vie fa\u00e7onnent le vieillissement. Ce programme s\u2019int\u00e9resse en particulier \u00e0 la<strong>&nbsp;compr\u00e9hension des in\u00e9galit\u00e9s sociales en mati\u00e8re d\u2019incapacit\u00e9s et leur \u00e9mergence au cours de la vie<\/strong>. En plus de l\u2019influence des facteurs socio-\u00e9conomiques, nous examinerons celle des comportements de sant\u00e9, des facteurs de risque cliniques, de l\u2019accessibilit\u00e9 aux soins et de leur gestion pour les maladies chroniques et des facteurs contextuels sur la survenue d\u2019incapacit\u00e9s chez le sujet \u00e2g\u00e9.<\/p>\n\n\n\n<p>Ce projet comporte&nbsp;<strong>deux approches<\/strong>&nbsp;:<\/p>\n\n\n\n<ol class=\"wp-block-list\">\n<li>L\u2019une \u00ab vie enti\u00e8re \u00bb, \u00e0 partir de donn\u00e9es de&nbsp;<strong>cohortes longitudinales<\/strong>&nbsp;(GAZEL et CONSTANCES en France, Whitehall et UK Biobank au Royaume-Uni, SHARE en Europe, et les cohortes sur le vieillissement du NIH aux Etats-Unis et dans plusieurs pays \u00e0 revenu moyen ou faible). Cette mod\u00e9lisation \u00e9tudiera les&nbsp;<strong>facteurs de risque et protecteurs des incapacit\u00e9s<\/strong>. Une attention particuli\u00e8re sera port\u00e9e \u00e0 la prise en compte de la multimorbidit\u00e9 et de la fragilit\u00e9 comme facteurs pouvant favoriser la survenue d\u2019incapacit\u00e9s.<\/li>\n\n\n\n<li>L\u2019autre par&nbsp;<strong>mod\u00e9lisation-simulation \u00e0 base d\u2019agents<\/strong>&nbsp;(Agent-Based-Modelling, ABM). Elle permet d\u2019\u00e9valuer comment chaque \u00e9l\u00e9ment d\u2019un syst\u00e8me se comporte selon ses caract\u00e9ristiques individuelles et leurs interactions avec l\u2019environnement. Ces ABMs incluront une grande vari\u00e9t\u00e9 de caract\u00e9ristiques individuelles\/environnementales ainsi que sociales contribuant \u00e0 influencer les comportements, \u00e9tats de sant\u00e9 et l\u2019utilisation des services de sant\u00e9. Cette m\u00e9thode a l\u2019avantage de pouvoir a)&nbsp;<strong>mod\u00e9liser les relations complexes<\/strong>&nbsp;impliqu\u00e9es dans les m\u00e9canismes causaux et de tester des \u00e9l\u00e9ments contrefactuels, b)&nbsp;<strong>estimer l\u2019\u00e9quilibre co\u00fbt-b\u00e9n\u00e9fice<\/strong>&nbsp;relatif entre les soins fournis en cas de perte d\u2019autonomie par rapport aux sc\u00e9narios de pr\u00e9vention.<\/li>\n<\/ol>\n\n\n\n<h3 class=\"wp-block-heading\">Une recherche innovante<\/h3>\n\n\n\n<p>En plus de ces mod\u00e9lisations, nous travaillerons sur le d\u00e9veloppement de deux outils employ\u00e9s dans ces strat\u00e9gies. Le premier concerne l\u2019<strong>\u00e9valuation d\u2019\u00e9tats pr\u00e9-incapacit\u00e9<\/strong>, encore que peu consid\u00e9r\u00e9s dans la litt\u00e9rature. Le concept de fragilit\u00e9, d\u00e9velopp\u00e9 il y a 20 ans, ne propose pas de seuils sp\u00e9cifiques \u00e0 l\u2019\u00e2ge. Notre objectif est de proposer une&nbsp;<strong>mesure de \u2018forme physique\u2019<\/strong>&nbsp;\u00e0 partir des mesures objectives et subjectives disponibles dans les cohortes longitudinales et d\u2019\u00e9valuer sa performance pr\u00e9dictive sur la survenue d\u2019incapacit\u00e9, l\u2019institutionnalisation et la mortalit\u00e9. Le second est un outil permettant de&nbsp;<strong>mesurer le bien-\u00eatre dans le cadre d\u2019\u00e9valuations \u00e9conomiques<\/strong>, l\u2019ICECAP (Investigating Choice Experiments CAPability). Notre projet vise \u00e0 estimer les pr\u00e9f\u00e9rences de la population fran\u00e7aise pour cet outil, afin qu\u2019il puisse \u00eatre utilis\u00e9 pour d\u00e9montrer l\u2019efficience de programmes de sant\u00e9 et d\u2019aide sociale en France.<\/p>\n\n\n\n<p>Au-del\u00e0 de l\u2019interdisciplinarit\u00e9, ce projet met l\u2019accent sur les&nbsp;<strong>comparaisons internationales<\/strong>&nbsp;et la&nbsp;<strong>formation de jeunes scientifiques<\/strong>.<\/p>\n","protected":false},"excerpt":{"rendered":"<p>Projet Models of Autonomy Une approche sociale, \u00e9conomique et math\u00e9matique de l\u2019autonomie dans le vieillissement Dur\u00e9e : 48 moisAide accord\u00e9e : 1 510 000 \u20ac Responsable scientifique :Archana Singh-Manoux Contexte Le&nbsp;vieillissement des populations&nbsp;s\u2019accompagne d\u2019une augmentation de la part des personnes \u00e2g\u00e9es et d\u2019une diminution de celle des actifs. Cela a de fortes implications sur le&hellip;<\/p>\n","protected":false},"author":1,"featured_media":0,"parent":0,"menu_order":0,"comment_status":"closed","ping_status":"closed","template":"","meta":{"footnotes":""},"class_list":["post-21","page","type-page","status-publish","hentry"],"_links":{"self":[{"href":"https:\/\/modelsofautonomy.com\/test\/wp-json\/wp\/v2\/pages\/21","targetHints":{"allow":["GET"]}}],"collection":[{"href":"https:\/\/modelsofautonomy.com\/test\/wp-json\/wp\/v2\/pages"}],"about":[{"href":"https:\/\/modelsofautonomy.com\/test\/wp-json\/wp\/v2\/types\/page"}],"author":[{"embeddable":true,"href":"https:\/\/modelsofautonomy.com\/test\/wp-json\/wp\/v2\/users\/1"}],"replies":[{"embeddable":true,"href":"https:\/\/modelsofautonomy.com\/test\/wp-json\/wp\/v2\/comments?post=21"}],"version-history":[{"count":11,"href":"https:\/\/modelsofautonomy.com\/test\/wp-json\/wp\/v2\/pages\/21\/revisions"}],"predecessor-version":[{"id":454,"href":"https:\/\/modelsofautonomy.com\/test\/wp-json\/wp\/v2\/pages\/21\/revisions\/454"}],"wp:attachment":[{"href":"https:\/\/modelsofautonomy.com\/test\/wp-json\/wp\/v2\/media?parent=21"}],"curies":[{"name":"wp","href":"https:\/\/api.w.org\/{rel}","templated":true}]}}