{"id":102,"date":"2026-02-07T14:21:45","date_gmt":"2026-02-07T14:21:45","guid":{"rendered":"https:\/\/modelsofautonomy.com\/test\/?page_id=102"},"modified":"2026-04-19T16:01:29","modified_gmt":"2026-04-19T16:01:29","slug":"conferences","status":"publish","type":"page","link":"https:\/\/modelsofautonomy.com\/test\/conferences\/","title":{"rendered":"Conf\u00e9rences et workshops"},"content":{"rendered":"\n<h3 class=\"wp-block-heading\">2025<\/h3>\n\n\n\n<ul class=\"wp-block-list\">\n<li>2 Pr\u00e9sentations par un membre du consortium au cours de la 45\u00e8me journ\u00e9es annuelles de la Soci\u00e9t\u00e9 Fran\u00e7aise de G\u00e9riatrie et G\u00e9rontologie (<a href=\"https:\/\/sfgg-events.org\/jasfgg\/\">https:\/\/sfgg-events.org\/jasfgg\/<\/a>), 24-26 novembre 2025.\n<ul class=\"wp-block-list\">\n<li><em>Profil des personnes \u00e2g\u00e9es recourrant \u00e0 la masso-kin\u00e9sith\u00e9rapie en France : r\u00e9sultats de l\u2019enqu\u00eate CARE-2015 <\/em>;<\/li>\n\n\n\n<li><em>Lien entre fragilit\u00e9 et mortalit\u00e9 chez les personnes souffrant de maladies chroniques touchant 13<\/em> <em>syst\u00e8mes de l\u2019organisme : r\u00e9sultats de l\u2019\u00e9tude UK Biobank<\/em><\/li>\n<\/ul>\n<\/li>\n<\/ul>\n\n\n\n<ul class=\"wp-block-list\">\n<li>Pr\u00e9sentation par des membres du consortium de l&rsquo;article <em>Care at Home vs. in a Nursing Home: A Mixed-Methods Approach to Understanding Elderly Preferences <\/em>\u00e0 la conf\u00e9rence de l&rsquo;ISPOR, Glasgow, 10-13 novembre 2025.<\/li>\n<\/ul>\n\n\n\n<ul class=\"wp-block-list\">\n<li>Pr\u00e9sentation par des membres du consortium de l&rsquo;article <em>Care at Home vs. in a Nursing Home: A Mixed-Methods Approach to Understanding Elderly Preferences, C<\/em>olloque Retraite et Vieillissement de la Caisse des d\u00e9p\u00f4ts et consignations, Octobre 2025.<\/li>\n<\/ul>\n\n\n\n<ul class=\"wp-block-list\">\n<li>Pr\u00e9sentation de travaux en cours par des membres du consortium au congr\u00e8s de l&rsquo;ACAPS \u00e0 Poitiers (Octobre 2025)<\/li>\n<\/ul>\n\n\n\n<ul class=\"wp-block-list\">\n<li>Pr\u00e9sentation par un membre du consortium portant sur <em>l\u2019Activit\u00e9 Physique Adapt\u00e9e : Bouger pour<\/em> <em>sa sant\u00e9, en toute s\u00e9curit\u00e9 <\/em>\u00ab\u00a0, webinaire sur l\u2019APA, Pr\u00e9ventica, 25 septembre 2025 : <a href=\"https:\/\/www.preventica.com\/webinars\/lactivite-physique-adaptee-bouger-pour-sa-sante-en-toute-securite\">https:\/\/www.preventica.com\/webinars\/lactivite-physique-adaptee-bouger-pour-sa-sante-en-toute-securite<\/a><\/li>\n<\/ul>\n\n\n\n<ul class=\"wp-block-list\">\n<li>Pr\u00e9sentation par des membres du consortium lors de l&rsquo;Atelier F\u00eate de la Science \u00ab\u00a0\u00cates-vous (vraiment) en forme ?\u00a0\u00bb : \u00ab Un esprit sain dans un corps sain \u00bb (mesure des fonctions cognitives et physiques, vieillissement), 10 octobre 2025 : <a href=\"https:\/\/fetedelascience.u-paris.fr\/events\/event\/etes-vous-vraiment-enforme\/\">https:\/\/fetedelascience.u-paris.fr\/events\/event\/etes-vous-vraiment-enforme\/<\/a><\/li>\n<\/ul>\n\n\n\n<ul class=\"wp-block-list\">\n<li>Participation par des membres du consorium \u00e0 la Conference on Complex Systems, CCS 2025, 21<sup>e<\/sup> Conf\u00e9rence de la Complex Systems Society, Septembre 2025 : <a href=\"https:\/\/ccs25.cssociety.org\/\">https:\/\/ccs25.cssociety.org\/<\/a><\/li>\n<\/ul>\n\n\n\n<ul class=\"wp-block-list\">\n<li>Pr\u00e9sentation par des membres du consortium de travaux portant sur le vieillissement et l&rsquo;autonomie au Congr\u00e8s XR en mouvement \u00e0 Limoges (juin 2025)<\/li>\n<\/ul>\n\n\n\n<ul class=\"wp-block-list\">\n<li>Participation par un membre du consortium \u00e0 divers workshops\/s\u00e9jours en lien avec la th\u00e9matique de MoA:\n<ul class=\"wp-block-list\">\n<li>Workshop workshop on Veridical Data Science \u00e0 Rome en juin 2025 : <a href=\"https:\/\/www.integreat.no\/events\/public-events\/workshops\/veridical-data-science.html\">https:\/\/www.integreat.no\/events\/public-events\/workshops\/veridical-data-science.html<\/a><\/li>\n\n\n\n<li>S\u00e9jours au Agent Based Modeling Lab de la NYU School of Public Global Health en d\u00e9cembre 2024 et mars 2025 : <a href=\"https:\/\/publichealth.nyu.edu\/research\/centers-labs-initiatives\/agent-based-modeling-lab\">https:\/\/publichealth.nyu.edu\/research\/centers-labs-initiatives\/agent-based-modeling-lab<\/a><\/li>\n<\/ul>\n<\/li>\n<\/ul>\n\n\n\n<ul class=\"wp-block-list\">\n<li>Un membre du consortium est parti en avril 2025 en C\u00f4te d&rsquo;Ivoire pour un projet de recherche s&rsquo;int\u00e9ressant aux effets d&rsquo;une prise en charge par l&rsquo;APA des personnes \u00e2g\u00e9es avec le VIH. L&rsquo;\u00e9tude (Virage +) est \u00e0 ce jour en cours.<\/li>\n<\/ul>\n","protected":false},"excerpt":{"rendered":"<p>2025<\/p>\n","protected":false},"author":1,"featured_media":0,"parent":0,"menu_order":0,"comment_status":"closed","ping_status":"closed","template":"","meta":{"footnotes":""},"class_list":["post-102","page","type-page","status-publish","hentry"],"_links":{"self":[{"href":"https:\/\/modelsofautonomy.com\/test\/wp-json\/wp\/v2\/pages\/102","targetHints":{"allow":["GET"]}}],"collection":[{"href":"https:\/\/modelsofautonomy.com\/test\/wp-json\/wp\/v2\/pages"}],"about":[{"href":"https:\/\/modelsofautonomy.com\/test\/wp-json\/wp\/v2\/types\/page"}],"author":[{"embeddable":true,"href":"https:\/\/modelsofautonomy.com\/test\/wp-json\/wp\/v2\/users\/1"}],"replies":[{"embeddable":true,"href":"https:\/\/modelsofautonomy.com\/test\/wp-json\/wp\/v2\/comments?post=102"}],"version-history":[{"count":8,"href":"https:\/\/modelsofautonomy.com\/test\/wp-json\/wp\/v2\/pages\/102\/revisions"}],"predecessor-version":[{"id":631,"href":"https:\/\/modelsofautonomy.com\/test\/wp-json\/wp\/v2\/pages\/102\/revisions\/631"}],"wp:attachment":[{"href":"https:\/\/modelsofautonomy.com\/test\/wp-json\/wp\/v2\/media?parent=102"}],"curies":[{"name":"wp","href":"https:\/\/api.w.org\/{rel}","templated":true}]}}